{"id":1044,"date":"2026-02-27T23:28:30","date_gmt":"2026-02-27T22:28:30","guid":{"rendered":"https:\/\/chalet-lelex.fr\/?page_id=1044"},"modified":"2026-02-27T23:36:05","modified_gmt":"2026-02-27T22:36:05","slug":"reservation","status":"publish","type":"page","link":"https:\/\/chalet-lelex.fr\/?page_id=1044","title":{"rendered":"R\u00e9servation"},"content":{"rendered":"\n<p><\/p>\n\n\n\n<h2 class=\"wp-block-heading has-text-color has-link-color wp-elements-e1d7301c09e7a3127775adf863b4ea5b\" style=\"color:#7c594b\">R\u00e9servez votre s\u00e9jour au chalet l&rsquo;\u00c9terlou ! <\/h2>\n\n\n<div class=\"wp-block-image\">\n<figure class=\"aligncenter size-large is-resized\"><img loading=\"lazy\" decoding=\"async\" width=\"1100\" height=\"619\" src=\"https:\/\/chalet-lelex.fr\/wp-content\/uploads\/2026\/02\/410b948e-008d-47c8-b1c8-b0bc8e517958.jpg-3-edited.webp\" alt=\"\" class=\"wp-image-1046\" style=\"aspect-ratio:1.7771216097987752;width:554px;height:auto\" srcset=\"https:\/\/chalet-lelex.fr\/wp-content\/uploads\/2026\/02\/410b948e-008d-47c8-b1c8-b0bc8e517958.jpg-3-edited.webp 1100w, https:\/\/chalet-lelex.fr\/wp-content\/uploads\/2026\/02\/410b948e-008d-47c8-b1c8-b0bc8e517958.jpg-3-edited-300x169.webp 300w, https:\/\/chalet-lelex.fr\/wp-content\/uploads\/2026\/02\/410b948e-008d-47c8-b1c8-b0bc8e517958.jpg-3-edited-1024x576.webp 1024w, https:\/\/chalet-lelex.fr\/wp-content\/uploads\/2026\/02\/410b948e-008d-47c8-b1c8-b0bc8e517958.jpg-3-edited-768x432.webp 768w\" sizes=\"auto, (max-width: 1100px) 100vw, 1100px\" \/><\/figure>\n<\/div>\n\n\n<p class=\"has-black-color has-text-color has-link-color wp-elements-e534a68b5a2f04e7c9bbb6552002b652\">Pour organiser votre s\u00e9jour dans les&nbsp;Monts Jura, le&nbsp;Chalet L\u2019Eterlou \u00e0 L\u00e9lex&nbsp;est disponible sur plusieurs plateformes de r\u00e9servation reconnues, vous garantissant simplicit\u00e9, s\u00e9curit\u00e9 et visibilit\u00e9 des disponibilit\u00e9s en temps r\u00e9el.<\/p>\n\n\n\n<p class=\"has-black-color has-text-color has-link-color wp-elements-d096395d5e0a21c1f96b200d68653fc3\">Retrouvez notre chalet sur :<\/p>\n\n\n\n<ul class=\"wp-block-list\">\n<li class=\"has-black-color has-text-color has-link-color wp-elements-7b142d54979eaa35dac4b811549e76b6\"><a href=\"https:\/\/www.clevacances.com\/fr\/hebergement\/35305-chalet-leterlou\"><strong>Cl\u00e9vacances<\/strong><\/a>&nbsp;\u2013 Un label national de qualit\u00e9 pour des locations de vacances s\u00e9lectionn\u00e9es avec soin.<\/li>\n\n\n\n<li class=\"has-black-color has-text-color has-link-color wp-elements-2169f78add783f56442ee15407e97ee2\"><a href=\"https:\/\/www.paysdegex-montsjura.com\/meubles-gites\/chalet-leterlou\/\"><strong>Pays de Gex Monts Jura<\/strong>&nbsp;<\/a>\u2013 Le site officiel du territoire pour pr\u00e9parer votre s\u00e9jour \u00e0 L\u00e9lex et dans le Massif du Jura.<\/li>\n\n\n\n<li class=\"has-black-color has-text-color has-link-color wp-elements-799eb42528b960352d05e9c5d9535f7b\"><a href=\"https:\/\/www.cybevasion.fr\/gites-l-eterlou-votre-chalet-au-coeur-des-montagnes-du-jura-lelex-e106641.html\"><strong>Cybevasion<\/strong><\/a>&nbsp;et <a href=\"https:\/\/www.gites.fr\/gites_l-eterlou-votre-chalet-au-coeur-des-montagnes-du-jura_lelex_106641.htm\">G\u00eete.fr<\/a>\u2013 Un r\u00e9seau reconnu regroupant plusieurs sites d\u00e9di\u00e9s aux h\u00e9bergements touristiques.<\/li>\n<\/ul>\n\n\n\n<p class=\"has-black-color has-text-color has-link-color wp-elements-e7895f541ad7e8b4ee9c6d038e773476\">Ces partenaires vous permettent de consulter les avis, v\u00e9rifier les disponibilit\u00e9s et r\u00e9server votre s\u00e9jour au ski ou vos vacances nature en toute s\u00e9r\u00e9nit\u00e9.<\/p>\n\n\n\n<p class=\"has-black-color has-text-color has-link-color wp-elements-0f38709c6bcb497d21e04f31837e913c\">Nous restons \u00e9galement disponibles pour toute demande d\u2019information compl\u00e9mentaire afin de vous accompagner dans l\u2019organisation de votre s\u00e9jour \u00e0 L\u00e9lex.<\/p>\n\n\n\n<p><\/p>\n","protected":false},"excerpt":{"rendered":"<p>R\u00e9servez votre s\u00e9jour au chalet l&rsquo;\u00c9terlou ! Pour organiser votre s\u00e9jour dans les&nbsp;Monts Jura, le&nbsp;Chalet L\u2019Eterlou \u00e0 L\u00e9lex&nbsp;est disponible sur plusieurs plateformes de r\u00e9servation reconnues, vous garantissant simplicit\u00e9, s\u00e9curit\u00e9 et visibilit\u00e9 des disponibilit\u00e9s en temps r\u00e9el. Retrouvez notre chalet sur : Ces partenaires vous permettent de consulter les avis, v\u00e9rifier les disponibilit\u00e9s et r\u00e9server votre [&hellip;]<\/p>\n","protected":false},"author":1,"featured_media":0,"parent":0,"menu_order":0,"comment_status":"closed","ping_status":"closed","template":"","meta":{"footnotes":""},"class_list":["post-1044","page","type-page","status-publish","hentry"],"yoast_head":"<!-- This site is optimized with the Yoast SEO plugin v27.4 - https:\/\/yoast.com\/product\/yoast-seo-wordpress\/ -->\n<title>R\u00e9servation - L&#039;Eterlou<\/title>\n<meta name=\"robots\" content=\"index, follow, max-snippet:-1, max-image-preview:large, max-video-preview:-1\" \/>\n<link rel=\"canonical\" href=\"https:\/\/chalet-lelex.fr\/?page_id=1044\" \/>\n<meta property=\"og:locale\" content=\"fr_FR\" \/>\n<meta property=\"og:type\" content=\"article\" \/>\n<meta property=\"og:title\" content=\"R\u00e9servation - L&#039;Eterlou\" \/>\n<meta property=\"og:description\" content=\"R\u00e9servez votre s\u00e9jour au chalet l&rsquo;\u00c9terlou ! Pour organiser votre s\u00e9jour dans les&nbsp;Monts Jura, le&nbsp;Chalet L\u2019Eterlou \u00e0 L\u00e9lex&nbsp;est disponible sur plusieurs plateformes de r\u00e9servation reconnues, vous garantissant simplicit\u00e9, s\u00e9curit\u00e9 et visibilit\u00e9 des disponibilit\u00e9s en temps r\u00e9el. Retrouvez notre chalet sur : Ces partenaires vous permettent de consulter les avis, v\u00e9rifier les disponibilit\u00e9s et r\u00e9server votre [&hellip;]\" \/>\n<meta property=\"og:url\" content=\"https:\/\/chalet-lelex.fr\/?page_id=1044\" \/>\n<meta property=\"og:site_name\" content=\"L&#039;Eterlou\" \/>\n<meta property=\"article:modified_time\" content=\"2026-02-27T22:36:05+00:00\" \/>\n<meta property=\"og:image\" content=\"https:\/\/chalet-lelex.fr\/wp-content\/uploads\/2026\/02\/410b948e-008d-47c8-b1c8-b0bc8e517958.jpg-3-edited.webp\" \/>\n\t<meta property=\"og:image:width\" content=\"1100\" \/>\n\t<meta property=\"og:image:height\" content=\"619\" \/>\n\t<meta property=\"og:image:type\" content=\"image\/webp\" \/>\n<meta name=\"twitter:card\" content=\"summary_large_image\" \/>\n<meta name=\"twitter:label1\" content=\"Dur\u00e9e de lecture estim\u00e9e\" \/>\n\t<meta name=\"twitter:data1\" content=\"1 minute\" \/>\n<script type=\"application\/ld+json\" class=\"yoast-schema-graph\">{\"@context\":\"https:\\\/\\\/schema.org\",\"@graph\":[{\"@type\":\"WebPage\",\"@id\":\"https:\\\/\\\/chalet-lelex.fr\\\/?page_id=1044\",\"url\":\"https:\\\/\\\/chalet-lelex.fr\\\/?page_id=1044\",\"name\":\"R\u00e9servation - L&#039;Eterlou\",\"isPartOf\":{\"@id\":\"https:\\\/\\\/chalet-lelex.fr\\\/#website\"},\"primaryImageOfPage\":{\"@id\":\"https:\\\/\\\/chalet-lelex.fr\\\/?page_id=1044#primaryimage\"},\"image\":{\"@id\":\"https:\\\/\\\/chalet-lelex.fr\\\/?page_id=1044#primaryimage\"},\"thumbnailUrl\":\"https:\\\/\\\/chalet-lelex.fr\\\/wp-content\\\/uploads\\\/2026\\\/02\\\/410b948e-008d-47c8-b1c8-b0bc8e517958.jpg-3-edited.webp\",\"datePublished\":\"2026-02-27T22:28:30+00:00\",\"dateModified\":\"2026-02-27T22:36:05+00:00\",\"breadcrumb\":{\"@id\":\"https:\\\/\\\/chalet-lelex.fr\\\/?page_id=1044#breadcrumb\"},\"inLanguage\":\"fr-FR\",\"potentialAction\":[{\"@type\":\"ReadAction\",\"target\":[\"https:\\\/\\\/chalet-lelex.fr\\\/?page_id=1044\"]}]},{\"@type\":\"ImageObject\",\"inLanguage\":\"fr-FR\",\"@id\":\"https:\\\/\\\/chalet-lelex.fr\\\/?page_id=1044#primaryimage\",\"url\":\"https:\\\/\\\/chalet-lelex.fr\\\/wp-content\\\/uploads\\\/2026\\\/02\\\/410b948e-008d-47c8-b1c8-b0bc8e517958.jpg-3-edited.webp\",\"contentUrl\":\"https:\\\/\\\/chalet-lelex.fr\\\/wp-content\\\/uploads\\\/2026\\\/02\\\/410b948e-008d-47c8-b1c8-b0bc8e517958.jpg-3-edited.webp\",\"width\":1100,\"height\":619},{\"@type\":\"BreadcrumbList\",\"@id\":\"https:\\\/\\\/chalet-lelex.fr\\\/?page_id=1044#breadcrumb\",\"itemListElement\":[{\"@type\":\"ListItem\",\"position\":1,\"name\":\"Accueil\",\"item\":\"https:\\\/\\\/chalet-lelex.fr\\\/\"},{\"@type\":\"ListItem\",\"position\":2,\"name\":\"R\u00e9servation\"}]},{\"@type\":\"WebSite\",\"@id\":\"https:\\\/\\\/chalet-lelex.fr\\\/#website\",\"url\":\"https:\\\/\\\/chalet-lelex.fr\\\/\",\"name\":\"L&#039;Eterlou\",\"description\":\"Chalet au coeur des Monts Jura\",\"publisher\":{\"@id\":\"https:\\\/\\\/chalet-lelex.fr\\\/#organization\"},\"potentialAction\":[{\"@type\":\"SearchAction\",\"target\":{\"@type\":\"EntryPoint\",\"urlTemplate\":\"https:\\\/\\\/chalet-lelex.fr\\\/?s={search_term_string}\"},\"query-input\":{\"@type\":\"PropertyValueSpecification\",\"valueRequired\":true,\"valueName\":\"search_term_string\"}}],\"inLanguage\":\"fr-FR\"},{\"@type\":\"Organization\",\"@id\":\"https:\\\/\\\/chalet-lelex.fr\\\/#organization\",\"name\":\"L&#039;Eterlou\",\"url\":\"https:\\\/\\\/chalet-lelex.fr\\\/\",\"logo\":{\"@type\":\"ImageObject\",\"inLanguage\":\"fr-FR\",\"@id\":\"https:\\\/\\\/chalet-lelex.fr\\\/#\\\/schema\\\/logo\\\/image\\\/\",\"url\":\"http:\\\/\\\/chalet-lelex.fr\\\/wp-content\\\/uploads\\\/2022\\\/06\\\/eterlou.png\",\"contentUrl\":\"http:\\\/\\\/chalet-lelex.fr\\\/wp-content\\\/uploads\\\/2022\\\/06\\\/eterlou.png\",\"width\":275,\"height\":264,\"caption\":\"L&#039;Eterlou\"},\"image\":{\"@id\":\"https:\\\/\\\/chalet-lelex.fr\\\/#\\\/schema\\\/logo\\\/image\\\/\"}}]}<\/script>\n<!-- \/ Yoast SEO plugin. -->","yoast_head_json":{"title":"R\u00e9servation - L&#039;Eterlou","robots":{"index":"index","follow":"follow","max-snippet":"max-snippet:-1","max-image-preview":"max-image-preview:large","max-video-preview":"max-video-preview:-1"},"canonical":"https:\/\/chalet-lelex.fr\/?page_id=1044","og_locale":"fr_FR","og_type":"article","og_title":"R\u00e9servation - L&#039;Eterlou","og_description":"R\u00e9servez votre s\u00e9jour au chalet l&rsquo;\u00c9terlou ! Pour organiser votre s\u00e9jour dans les&nbsp;Monts Jura, le&nbsp;Chalet L\u2019Eterlou \u00e0 L\u00e9lex&nbsp;est disponible sur plusieurs plateformes de r\u00e9servation reconnues, vous garantissant simplicit\u00e9, s\u00e9curit\u00e9 et visibilit\u00e9 des disponibilit\u00e9s en temps r\u00e9el. Retrouvez notre chalet sur : Ces partenaires vous permettent de consulter les avis, v\u00e9rifier les disponibilit\u00e9s et r\u00e9server votre [&hellip;]","og_url":"https:\/\/chalet-lelex.fr\/?page_id=1044","og_site_name":"L&#039;Eterlou","article_modified_time":"2026-02-27T22:36:05+00:00","og_image":[{"width":1100,"height":619,"url":"https:\/\/chalet-lelex.fr\/wp-content\/uploads\/2026\/02\/410b948e-008d-47c8-b1c8-b0bc8e517958.jpg-3-edited.webp","type":"image\/webp"}],"twitter_card":"summary_large_image","twitter_misc":{"Dur\u00e9e de lecture estim\u00e9e":"1 minute"},"schema":{"@context":"https:\/\/schema.org","@graph":[{"@type":"WebPage","@id":"https:\/\/chalet-lelex.fr\/?page_id=1044","url":"https:\/\/chalet-lelex.fr\/?page_id=1044","name":"R\u00e9servation - L&#039;Eterlou","isPartOf":{"@id":"https:\/\/chalet-lelex.fr\/#website"},"primaryImageOfPage":{"@id":"https:\/\/chalet-lelex.fr\/?page_id=1044#primaryimage"},"image":{"@id":"https:\/\/chalet-lelex.fr\/?page_id=1044#primaryimage"},"thumbnailUrl":"https:\/\/chalet-lelex.fr\/wp-content\/uploads\/2026\/02\/410b948e-008d-47c8-b1c8-b0bc8e517958.jpg-3-edited.webp","datePublished":"2026-02-27T22:28:30+00:00","dateModified":"2026-02-27T22:36:05+00:00","breadcrumb":{"@id":"https:\/\/chalet-lelex.fr\/?page_id=1044#breadcrumb"},"inLanguage":"fr-FR","potentialAction":[{"@type":"ReadAction","target":["https:\/\/chalet-lelex.fr\/?page_id=1044"]}]},{"@type":"ImageObject","inLanguage":"fr-FR","@id":"https:\/\/chalet-lelex.fr\/?page_id=1044#primaryimage","url":"https:\/\/chalet-lelex.fr\/wp-content\/uploads\/2026\/02\/410b948e-008d-47c8-b1c8-b0bc8e517958.jpg-3-edited.webp","contentUrl":"https:\/\/chalet-lelex.fr\/wp-content\/uploads\/2026\/02\/410b948e-008d-47c8-b1c8-b0bc8e517958.jpg-3-edited.webp","width":1100,"height":619},{"@type":"BreadcrumbList","@id":"https:\/\/chalet-lelex.fr\/?page_id=1044#breadcrumb","itemListElement":[{"@type":"ListItem","position":1,"name":"Accueil","item":"https:\/\/chalet-lelex.fr\/"},{"@type":"ListItem","position":2,"name":"R\u00e9servation"}]},{"@type":"WebSite","@id":"https:\/\/chalet-lelex.fr\/#website","url":"https:\/\/chalet-lelex.fr\/","name":"L&#039;Eterlou","description":"Chalet au coeur des Monts Jura","publisher":{"@id":"https:\/\/chalet-lelex.fr\/#organization"},"potentialAction":[{"@type":"SearchAction","target":{"@type":"EntryPoint","urlTemplate":"https:\/\/chalet-lelex.fr\/?s={search_term_string}"},"query-input":{"@type":"PropertyValueSpecification","valueRequired":true,"valueName":"search_term_string"}}],"inLanguage":"fr-FR"},{"@type":"Organization","@id":"https:\/\/chalet-lelex.fr\/#organization","name":"L&#039;Eterlou","url":"https:\/\/chalet-lelex.fr\/","logo":{"@type":"ImageObject","inLanguage":"fr-FR","@id":"https:\/\/chalet-lelex.fr\/#\/schema\/logo\/image\/","url":"http:\/\/chalet-lelex.fr\/wp-content\/uploads\/2022\/06\/eterlou.png","contentUrl":"http:\/\/chalet-lelex.fr\/wp-content\/uploads\/2022\/06\/eterlou.png","width":275,"height":264,"caption":"L&#039;Eterlou"},"image":{"@id":"https:\/\/chalet-lelex.fr\/#\/schema\/logo\/image\/"}}]}},"_links":{"self":[{"href":"https:\/\/chalet-lelex.fr\/index.php?rest_route=\/wp\/v2\/pages\/1044","targetHints":{"allow":["GET"]}}],"collection":[{"href":"https:\/\/chalet-lelex.fr\/index.php?rest_route=\/wp\/v2\/pages"}],"about":[{"href":"https:\/\/chalet-lelex.fr\/index.php?rest_route=\/wp\/v2\/types\/page"}],"author":[{"embeddable":true,"href":"https:\/\/chalet-lelex.fr\/index.php?rest_route=\/wp\/v2\/users\/1"}],"replies":[{"embeddable":true,"href":"https:\/\/chalet-lelex.fr\/index.php?rest_route=%2Fwp%2Fv2%2Fcomments&post=1044"}],"version-history":[{"count":5,"href":"https:\/\/chalet-lelex.fr\/index.php?rest_route=\/wp\/v2\/pages\/1044\/revisions"}],"predecessor-version":[{"id":1053,"href":"https:\/\/chalet-lelex.fr\/index.php?rest_route=\/wp\/v2\/pages\/1044\/revisions\/1053"}],"wp:attachment":[{"href":"https:\/\/chalet-lelex.fr\/index.php?rest_route=%2Fwp%2Fv2%2Fmedia&parent=1044"}],"curies":[{"name":"wp","href":"https:\/\/api.w.org\/{rel}","templated":true}]}}